{"id":991,"date":"2022-06-10T08:40:32","date_gmt":"2022-06-10T08:40:32","guid":{"rendered":"https:\/\/startersites.io\/elementor\/persona\/?page_id=991"},"modified":"2025-07-21T08:07:47","modified_gmt":"2025-07-21T06:07:47","slug":"pocetna","status":"publish","type":"page","link":"https:\/\/prodajmojsat.itdesign.digital\/","title":{"rendered":"Po\u010detna"},"content":{"rendered":"\t\t<div data-elementor-type=\"wp-page\" data-elementor-id=\"991\" class=\"elementor elementor-991\">\n\t\t\t\t<div class=\"elementor-element elementor-element-9e2839f e-flex e-con-boxed e-con e-parent\" data-id=\"9e2839f\" data-element_type=\"container\" data-settings=\"{&quot;background_background&quot;:&quot;classic&quot;}\">\n\t\t\t\t\t<div class=\"e-con-inner\">\n\t\t<div class=\"elementor-element elementor-element-4f1cdcf e-con-full e-flex e-con e-child\" data-id=\"4f1cdcf\" data-element_type=\"container\">\n\t\t\t\t<div class=\"elementor-element elementor-element-becc1ee elementor-widget elementor-widget-text-editor\" data-id=\"becc1ee\" data-element_type=\"widget\" data-widget_type=\"text-editor.default\">\n\t\t\t\t\t\t\t\t\t<p>PRODAJ SAT<\/p>\t\t\t\t\t\t\t\t<\/div>\n\t\t\t\t<div class=\"elementor-element elementor-element-498f846 elementor-widget elementor-widget-heading\" data-id=\"498f846\" data-element_type=\"widget\" data-widget_type=\"heading.default\">\n\t\t\t\t\t<h2 class=\"elementor-heading-title elementor-size-default\">Za po\u010detak, potra\u017eite model svog sata<\/h2>\t\t\t\t<\/div>\n\t\t\t\t<div class=\"elementor-element elementor-element-777f586 elementor-widget elementor-widget-html\" data-id=\"777f586\" data-element_type=\"widget\" data-widget_type=\"html.default\">\n\t\t\t\t\t<form id=\"brand-select-form\" action=\"https:\/\/prodajmojsat.itdesign.digital\/prodaj\/\" method=\"get\">\n<label for=\"brand\" style=\"color: white;\">ODABERITE SAT:<\/label>\n<select name=\"brand\" id=\"brand\" style=\"color: white; background-color: black;\" onchange=\"document.getElementById('brand-select-form').submit();\">\n    <option value=\"\">-- Odaberite brand --<\/option>\n    <option value=\"A. Lange & S\u00f6hne\">A. Lange & S\u00f6hne<\/option>\n    <option value=\"Alain Silberstein\">Alain Silberstein<\/option>\n    <option value=\"Audemars Piguet\">Audemars Piguet<\/option>\n    <option value=\"Baume & Mercier\">Baume & Mercier<\/option>\n    <option value=\"Bell & Ross\">Bell & Ross<\/option>\n    <option value=\"Blancpain\">Blancpain<\/option>\n    <option value=\"Breguet\">Breguet<\/option>\n    <option value=\"Breitling\"> Breitling<\/option>\n    <option value=\"Cartier\">Cartier<\/option>\n    <option value=\"Chopard\">Chopard<\/option>\n    <option value=\"Chronoswiss\">Chronoswiss<\/option>\n    <option value=\"Ebel\">Ebel<\/option>\n    <option value=\"Fortis\">Fortis<\/option>\n    <option value=\"Girard Perregaux\">Girard Perregaux<\/option>\n       <option value=\"Glash\u00fctte\">Glash\u00fctte<\/option>\n       <option value=\"Heuer\">Heuer<\/option>\n       <option value=\"Hublot\">Hublot<\/option>\n       <option value=\"IWC\">IWC<\/option>\n       <option value=\"Jaeger LeCoultre\">Jaeger LeCoultre<\/option>\n       <option value=\"Longines\">Longines<\/option>\n       <option value=\"Maurice Lacroix\">Maurice Lacroix<\/option>\n       <option value=\"Montblanc\">Montblanc<\/option>\n       <option value=\"M\u00fchle\">M\u00fchle<\/option>\n       <option value=\"Nomos\">Nomos<\/option>\n       <option value=\"Omega\">Omega<\/option>\n       <option value=\"Oris\">Oris<\/option>\n       <option value=\"Panerai\">Panerai<\/option>\n       <option value=\"Patek Philippe\">Patek Philippe<\/option>\n       <option value=\"Piaget\">Piaget<\/option>\n       <option value=\"Porsche Design\">Porsche Design<\/option>\n       <option value=\"Rolex\">Rolex<\/option>\n       <option value=\"Sinn\">Sinn<\/option>\n       <option value=\"Tag Heuer\">Tag Heuer<\/option>\n       <option value=\"Tudor\">Tudor<\/option>\n       <option value=\"Union Glash\u00fctte\">Union Glash\u00fctte<\/option>\n       <option value=\"Zenith\">Zenith<\/option>\n  <\/select>\n<\/form>\t\t\t\t<\/div>\n\t\t\t\t<\/div>\n\t\t\t\t\t<\/div>\n\t\t\t\t<\/div>\n\t\t<div class=\"elementor-element elementor-element-ff98ada e-flex e-con-boxed e-con e-parent\" data-id=\"ff98ada\" data-element_type=\"container\">\n\t\t\t\t\t<div class=\"e-con-inner\">\n\t\t\t\t<div class=\"elementor-element elementor-element-5a51c97 elementor-widget elementor-widget-text-editor\" data-id=\"5a51c97\" data-element_type=\"widget\" data-widget_type=\"text-editor.default\">\n\t\t\t\t\t\t\t\t\t<p>Kako prodati svoj sat?<br \/>Svoj sat mo\u017eete prodati na <a href=\"https:\/\/prodajmojsat.hr\">prodajmojsat.hr<\/a> u \u010detiri jednostavna koraka i iskoristiti prednosti brzog i prakti\u010dnog postupka, kao i po\u0161tenih cijena:<\/p>\t\t\t\t\t\t\t\t<\/div>\n\t\t\t\t\t<\/div>\n\t\t\t\t<\/div>\n\t\t<div class=\"elementor-element elementor-element-40dbb21d e-con-full e-flex e-con e-parent\" data-id=\"40dbb21d\" data-element_type=\"container\" data-settings=\"{&quot;background_background&quot;:&quot;classic&quot;}\">\n\t\t<div class=\"elementor-element elementor-element-4b886351 e-con-full e-flex e-con e-child\" data-id=\"4b886351\" data-element_type=\"container\">\n\t\t\t\t<div class=\"elementor-element elementor-element-56c8840 eael-infobox-content-align--center eael-infobox-icon-bg-shape-none eael-infobox-icon-hover-bg-shape-none elementor-widget elementor-widget-eael-info-box\" data-id=\"56c8840\" data-element_type=\"widget\" data-widget_type=\"eael-info-box.default\">\n\t\t\t\t\t        <div class=\"eael-infobox icon-on-top\">\n\t            <div class=\"infobox-icon eael-icon-only\">\n\n            \n                            <div class=\"infobox-icon-wrap\">\n                    <svg aria-hidden=\"true\" class=\"e-font-icon-svg e-fas-stopwatch\" viewBox=\"0 0 448 512\" xmlns=\"http:\/\/www.w3.org\/2000\/svg\"><path d=\"M432 304c0 114.9-93.1 208-208 208S16 418.9 16 304c0-104 76.3-190.2 176-205.5V64h-28c-6.6 0-12-5.4-12-12V12c0-6.6 5.4-12 12-12h120c6.6 0 12 5.4 12 12v40c0 6.6-5.4 12-12 12h-28v34.5c37.5 5.8 71.7 21.6 99.7 44.6l27.5-27.5c4.7-4.7 12.3-4.7 17 0l28.3 28.3c4.7 4.7 4.7 12.3 0 17l-29.4 29.4-.6.6C419.7 223.3 432 262.2 432 304zm-176 36V188.5c0-6.6-5.4-12-12-12h-40c-6.6 0-12 5.4-12 12V340c0 6.6 5.4 12 12 12h40c6.6 0 12-5.4 12-12z\"><\/path><\/svg>                <\/div>\n            \n            \n        <\/div>\n            <div class=\"infobox-content eael-icon-only\">\n                    <div class=\"infobox-title-section\">\n                <h2 class=\"title\">1. Po\u0161aljite sat<\/h2>            <\/div>\n            <div><p style=\"text-align: center;\">Po\u0161aljite svoj sat besplatno. Potrebno je samo nekoliko detalja i slika va\u0161eg sata.<\/p><\/div>        <\/div>\n            <\/div>\n\n\t\t\t\t\t\t<\/div>\n\t\t\t\t<\/div>\n\t\t<div class=\"elementor-element elementor-element-49bfe5b5 e-con-full e-flex e-con e-child\" data-id=\"49bfe5b5\" data-element_type=\"container\">\n\t\t\t\t<div class=\"elementor-element elementor-element-a753671 eael-infobox-content-align--center eael-infobox-icon-bg-shape-none eael-infobox-icon-hover-bg-shape-none elementor-widget elementor-widget-eael-info-box\" data-id=\"a753671\" data-element_type=\"widget\" data-widget_type=\"eael-info-box.default\">\n\t\t\t\t\t        <div class=\"eael-infobox icon-on-top\">\n\t            <div class=\"infobox-icon eael-icon-only\">\n\n            \n                            <div class=\"infobox-icon-wrap\">\n                    <i aria-hidden=\"true\" class=\"icon icon-dollar\"><\/i>                <\/div>\n            \n            \n        <\/div>\n            <div class=\"infobox-content eael-icon-only\">\n                    <div class=\"infobox-title-section\">\n                <h2 class=\"title\">2. Primi ponudu<\/h2>            <\/div>\n            <div><p style=\"text-align: center;\">Ponudu \u0107ete dobiti u roku od jednog do tri radna dana, koja vrijedi sedam dana.<\/p><\/div>        <\/div>\n            <\/div>\n\n\t\t\t\t\t\t<\/div>\n\t\t\t\t<\/div>\n\t\t<div class=\"elementor-element elementor-element-60fd06a1 e-con-full e-flex e-con e-child\" data-id=\"60fd06a1\" data-element_type=\"container\">\n\t\t\t\t<div class=\"elementor-element elementor-element-0440e7b eael-infobox-content-align--center eael-infobox-icon-bg-shape-none eael-infobox-icon-hover-bg-shape-none elementor-widget elementor-widget-eael-info-box\" data-id=\"0440e7b\" data-element_type=\"widget\" data-widget_type=\"eael-info-box.default\">\n\t\t\t\t\t        <div class=\"eael-infobox icon-on-top\">\n\t            <div class=\"infobox-icon eael-icon-only\">\n\n            \n                            <div class=\"infobox-icon-wrap\">\n                    <svg aria-hidden=\"true\" class=\"e-font-icon-svg e-fas-truck\" viewBox=\"0 0 640 512\" xmlns=\"http:\/\/www.w3.org\/2000\/svg\"><path d=\"M624 352h-16V243.9c0-12.7-5.1-24.9-14.1-33.9L494 110.1c-9-9-21.2-14.1-33.9-14.1H416V48c0-26.5-21.5-48-48-48H48C21.5 0 0 21.5 0 48v320c0 26.5 21.5 48 48 48h16c0 53 43 96 96 96s96-43 96-96h128c0 53 43 96 96 96s96-43 96-96h48c8.8 0 16-7.2 16-16v-32c0-8.8-7.2-16-16-16zM160 464c-26.5 0-48-21.5-48-48s21.5-48 48-48 48 21.5 48 48-21.5 48-48 48zm320 0c-26.5 0-48-21.5-48-48s21.5-48 48-48 48 21.5 48 48-21.5 48-48 48zm80-208H416V144h44.1l99.9 99.9V256z\"><\/path><\/svg>                <\/div>\n            \n            \n        <\/div>\n            <div class=\"infobox-content eael-icon-only\">\n                    <div class=\"infobox-title-section\">\n                <h2 class=\"title\">3. Po\u0161iljka sata<\/h2>            <\/div>\n            <div><p style=\"text-align: center;\">Nakon prihva\u0107anja ponude, va\u0161 \u0107e sat biti besplatno dostavljen i osiguran putem osobnog preuzimanja.<\/p><\/div>        <\/div>\n            <\/div>\n\n\t\t\t\t\t\t<\/div>\n\t\t\t\t<\/div>\n\t\t<div class=\"elementor-element elementor-element-a454661 e-con-full e-flex e-con e-child\" data-id=\"a454661\" data-element_type=\"container\">\n\t\t\t\t<div class=\"elementor-element elementor-element-5237f11 eael-infobox-content-align--center eael-infobox-icon-bg-shape-none eael-infobox-icon-hover-bg-shape-none elementor-widget elementor-widget-eael-info-box\" data-id=\"5237f11\" data-element_type=\"widget\" data-widget_type=\"eael-info-box.default\">\n\t\t\t\t\t        <div class=\"eael-infobox icon-on-top\">\n\t            <div class=\"infobox-icon eael-icon-only\">\n\n            \n                            <div class=\"infobox-icon-wrap\">\n                    <svg aria-hidden=\"true\" class=\"e-font-icon-svg e-far-money-bill-alt\" viewBox=\"0 0 640 512\" xmlns=\"http:\/\/www.w3.org\/2000\/svg\"><path d=\"M320 144c-53.02 0-96 50.14-96 112 0 61.85 42.98 112 96 112 53 0 96-50.13 96-112 0-61.86-42.98-112-96-112zm40 168c0 4.42-3.58 8-8 8h-64c-4.42 0-8-3.58-8-8v-16c0-4.42 3.58-8 8-8h16v-55.44l-.47.31a7.992 7.992 0 0 1-11.09-2.22l-8.88-13.31a7.992 7.992 0 0 1 2.22-11.09l15.33-10.22a23.99 23.99 0 0 1 13.31-4.03H328c4.42 0 8 3.58 8 8v88h16c4.42 0 8 3.58 8 8v16zM608 64H32C14.33 64 0 78.33 0 96v320c0 17.67 14.33 32 32 32h576c17.67 0 32-14.33 32-32V96c0-17.67-14.33-32-32-32zm-16 272c-35.35 0-64 28.65-64 64H112c0-35.35-28.65-64-64-64V176c35.35 0 64-28.65 64-64h416c0 35.35 28.65 64 64 64v160z\"><\/path><\/svg>                <\/div>\n            \n            \n        <\/div>\n            <div class=\"infobox-content eael-icon-only\">\n                    <div class=\"infobox-title-section\">\n                <h2 class=\"title\">4. Isplata<\/h2>            <\/div>\n            <div><p style=\"text-align: center;\">Po primitku sata, na\u0161i \u0107e ga stru\u010dnjaci pregledati i isplatiti dogovoreni iznos.<\/p><\/div>        <\/div>\n            <\/div>\n\n\t\t\t\t\t\t<\/div>\n\t\t\t\t<\/div>\n\t\t\t\t<\/div>\n\t\t<div class=\"elementor-element elementor-element-9cb8397 e-flex e-con-boxed e-con e-parent\" data-id=\"9cb8397\" data-element_type=\"container\">\n\t\t\t\t\t<div class=\"e-con-inner\">\n\t\t\t\t<div class=\"elementor-element elementor-element-61c5481 elementor-widget elementor-widget-spacer\" data-id=\"61c5481\" data-element_type=\"widget\" data-widget_type=\"spacer.default\">\n\t\t\t\t\t\t\t<div class=\"elementor-spacer\">\n\t\t\t<div class=\"elementor-spacer-inner\"><\/div>\n\t\t<\/div>\n\t\t\t\t\t\t<\/div>\n\t\t\t\t\t<\/div>\n\t\t\t\t<\/div>\n\t\t<div class=\"elementor-element elementor-element-41b3baa e-flex e-con-boxed e-con e-parent\" data-id=\"41b3baa\" data-element_type=\"container\">\n\t\t\t\t\t<div class=\"e-con-inner\">\n\t\t<div class=\"elementor-element elementor-element-798b976 e-flex e-con-boxed e-con e-child\" data-id=\"798b976\" data-element_type=\"container\" data-settings=\"{&quot;background_background&quot;:&quot;classic&quot;}\">\n\t\t\t\t\t<div class=\"e-con-inner\">\n\t\t<div class=\"elementor-element elementor-element-323ad4a e-con-full e-flex e-con e-child\" data-id=\"323ad4a\" data-element_type=\"container\">\n\t\t\t\t<div class=\"elementor-element elementor-element-8664ae5 elementor-widget elementor-widget-text-editor\" data-id=\"8664ae5\" data-element_type=\"widget\" data-widget_type=\"text-editor.default\">\n\t\t\t\t\t\t\t\t\t<p>O NAMA<\/p>\t\t\t\t\t\t\t\t<\/div>\n\t\t\t\t<div class=\"elementor-element elementor-element-66f5e85 elementor-widget elementor-widget-heading\" data-id=\"66f5e85\" data-element_type=\"widget\" data-widget_type=\"heading.default\">\n\t\t\t\t\t<h2 class=\"elementor-heading-title elementor-size-default\">Va\u0161 sat je u pravim rukama<\/h2>\t\t\t\t<\/div>\n\t\t\t\t<div class=\"elementor-element elementor-element-c1ba728 elementor-widget elementor-widget-text-editor\" data-id=\"c1ba728\" data-element_type=\"widget\" data-widget_type=\"text-editor.default\">\n\t\t\t\t\t\t\t\t\t<p>prodajmojsat.hr je moderna platforma za kupnju tvrtke Watchimpex, va\u0161eg specijaliziranog trgovca luksuznim satovima. Na\u0161a stru\u010dnost le\u017ei u kupnji, profesionalnoj obnovi i prodaji visokokvalitetnih satova svih glavnih proizvo\u0111a\u010da i marki.<\/p>\t\t\t\t\t\t\t\t<\/div>\n\t\t\t\t<div class=\"elementor-element elementor-element-8759810 elementor-widget elementor-widget-button\" data-id=\"8759810\" data-element_type=\"widget\" data-widget_type=\"button.default\">\n\t\t\t\t\t\t\t\t\t\t<a class=\"elementor-button elementor-button-link elementor-size-md\" href=\"\/kontakt\/\">\n\t\t\t\t\t\t<span class=\"elementor-button-content-wrapper\">\n\t\t\t\t\t\t\t\t\t<span class=\"elementor-button-text\">Kontakt<\/span>\n\t\t\t\t\t<\/span>\n\t\t\t\t\t<\/a>\n\t\t\t\t\t\t\t\t<\/div>\n\t\t\t\t<\/div>\n\t\t<div class=\"elementor-element elementor-element-6c89229 e-con-full e-flex e-con e-child\" data-id=\"6c89229\" data-element_type=\"container\">\n\t\t\t\t<div class=\"elementor-element elementor-element-d18c3f1 elementor-widget elementor-widget-spacer\" data-id=\"d18c3f1\" data-element_type=\"widget\" data-widget_type=\"spacer.default\">\n\t\t\t\t\t\t\t<div class=\"elementor-spacer\">\n\t\t\t<div class=\"elementor-spacer-inner\"><\/div>\n\t\t<\/div>\n\t\t\t\t\t\t<\/div>\n\t\t\t\t<div class=\"elementor-element elementor-element-6c1840c elementor-widget elementor-widget-spacer\" data-id=\"6c1840c\" data-element_type=\"widget\" data-widget_type=\"spacer.default\">\n\t\t\t\t\t\t\t<div class=\"elementor-spacer\">\n\t\t\t<div class=\"elementor-spacer-inner\"><\/div>\n\t\t<\/div>\n\t\t\t\t\t\t<\/div>\n\t\t\t\t<div class=\"elementor-element elementor-element-dc2886e elementor-widget elementor-widget-text-editor\" data-id=\"dc2886e\" data-element_type=\"widget\" data-widget_type=\"text-editor.default\">\n\t\t\t\t\t\t\t\t\t<p>Tijekom godina postali smo jedan od najprodavanijih dobavlja\u010da rabljenih luksuznih satova s \u200b\u200bvizijom. Nudimo vam bogato iskustvo, uslugu i sigurnost pri prodaji va\u0161eg luksuznog sata. Va\u0161 sat se obnavlja u na\u0161oj majstorskoj radionici od strane certificiranih urara.<\/p>\t\t\t\t\t\t\t\t<\/div>\n\t\t\t\t<\/div>\n\t\t\t\t\t<\/div>\n\t\t\t\t<\/div>\n\t\t\t\t\t<\/div>\n\t\t\t\t<\/div>\n\t\t<div class=\"elementor-element elementor-element-3325935 e-flex e-con-boxed e-con e-parent\" data-id=\"3325935\" data-element_type=\"container\">\n\t\t\t\t\t<div class=\"e-con-inner\">\n\t\t<div class=\"elementor-element elementor-element-17500a0 e-flex e-con-boxed e-con e-child\" data-id=\"17500a0\" data-element_type=\"container\" data-settings=\"{&quot;background_background&quot;:&quot;classic&quot;}\">\n\t\t\t\t\t<div class=\"e-con-inner\">\n\t\t<div class=\"elementor-element elementor-element-d5c90de e-con-full e-flex e-con e-child\" data-id=\"d5c90de\" data-element_type=\"container\">\n\t\t\t\t<div class=\"elementor-element elementor-element-373f923 elementor-widget elementor-widget-heading\" data-id=\"373f923\" data-element_type=\"widget\" data-widget_type=\"heading.default\">\n\t\t\t\t\t<h2 class=\"elementor-heading-title elementor-size-default\">Va\u0161e pogodnosti<\/h2>\t\t\t\t<\/div>\n\t\t\t\t<div class=\"elementor-element elementor-element-26ce33d elementor-widget elementor-widget-text-editor\" data-id=\"26ce33d\" data-element_type=\"widget\" data-widget_type=\"text-editor.default\">\n\t\t\t\t\t\t\t\t\t<ul><li>Brza i bezbri\u017ena obrada<\/li><li>Besplatna osigurana dostava prilikom preuzimanja<\/li><li>Po\u0161tene i tr\u017ei\u0161no utemeljene cijene<\/li><li>Va\u0161em satu \u0107e biti dan novi \u017eivot<\/li><\/ul>\t\t\t\t\t\t\t\t<\/div>\n\t\t\t\t<\/div>\n\t\t<div class=\"elementor-element elementor-element-333c05c e-con-full e-flex e-con e-child\" data-id=\"333c05c\" data-element_type=\"container\">\n\t\t\t\t<div class=\"elementor-element elementor-element-05468d8 elementor-widget elementor-widget-spacer\" data-id=\"05468d8\" data-element_type=\"widget\" data-widget_type=\"spacer.default\">\n\t\t\t\t\t\t\t<div class=\"elementor-spacer\">\n\t\t\t<div class=\"elementor-spacer-inner\"><\/div>\n\t\t<\/div>\n\t\t\t\t\t\t<\/div>\n\t\t\t\t<div class=\"elementor-element elementor-element-7f25689 elementor-widget elementor-widget-spacer\" data-id=\"7f25689\" data-element_type=\"widget\" data-widget_type=\"spacer.default\">\n\t\t\t\t\t\t\t<div class=\"elementor-spacer\">\n\t\t\t<div class=\"elementor-spacer-inner\"><\/div>\n\t\t<\/div>\n\t\t\t\t\t\t<\/div>\n\t\t\t\t<div class=\"elementor-element elementor-element-194f4ec elementor-widget elementor-widget-text-editor\" data-id=\"194f4ec\" data-element_type=\"widget\" data-widget_type=\"text-editor.default\">\n\t\t\t\t\t\t\t\t\t<p>Od samog po\u010detka, aktivnosti Zeitauktiona oblikovane su stra\u0161\u0107u za visokokvalitetnim satovima. Ta strast i entuzijazam sa\u010duvani su do danas. Znamo koliko truda i umjetnosti ula\u017eemo u svaki sat.<\/p><p>Zato na\u0161im prodava\u010dima ne nudimo najni\u017ee cijene. Kada nam prodate sat, mo\u017eete biti sigurni da \u0107ete dobiti cijenu koja odra\u017eava trenutnu tr\u017ei\u0161nu vrijednost. Nakon kupnje, brinemo se o potrebnoj obnovi i prodaji putem na\u0161ih prodajnih kanala.<\/p><p>Imate li kakvih pitanja? Slobodno pogledajte na\u0161a <a href=\"https:\/\/prodajmojsat.itdesign.digital\/pitanja\/\">\u010cesto postavljana pitanja<\/a>.<\/p>\t\t\t\t\t\t\t\t<\/div>\n\t\t\t\t<\/div>\n\t\t\t\t\t<\/div>\n\t\t\t\t<\/div>\n\t\t\t\t\t<\/div>\n\t\t\t\t<\/div>\n\t\t\t\t<\/div>\n\t\t\n    <div class=\"xs_social_share_widget xs_share_url after_content \t\tmain_content  wslu-style-1 wslu-share-box-shaped wslu-fill-colored wslu-none wslu-share-horizontal wslu-theme-font-no wslu-main_content\">\n\n\t\t\n        <ul>\n\t\t\t        <\/ul>\n    <\/div> \n","protected":false},"excerpt":{"rendered":"<p>PRODAJ SAT Za po\u010detak, potra\u017eite model svog sata ODABERITE SAT: &#8212; Odaberite brand &#8212;A. Lange &#038; S\u00f6hneAlain SilbersteinAudemars PiguetBaume &#038; MercierBell &#038; RossBlancpainBreguet BreitlingCartierChopardChronoswissEbelFortisGirard PerregauxGlash\u00fctteHeuerHublotIWCJaeger LeCoultreLonginesMaurice LacroixMontblancM\u00fchleNomosOmegaOrisPaneraiPatek PhilippePiagetPorsche DesignRolexSinnTag HeuerTudorUnion Glash\u00fctteZenith Kako prodati svoj sat?Svoj sat mo\u017eete prodati na prodajmojsat.hr u \u010detiri jednostavna koraka i iskoristiti prednosti brzog i prakti\u010dnog postupka, kao i po\u0161tenih cijena: [&hellip;]<\/p>\n","protected":false},"author":1,"featured_media":0,"parent":0,"menu_order":0,"comment_status":"closed","ping_status":"closed","template":"","meta":{"postBodyCss":"","postBodyMargin":[],"postBodyPadding":[],"postBodyBackground":{"backgroundType":"classic","gradient":""},"footnotes":""},"class_list":["post-991","page","type-page","status-publish","hentry"],"blocksy_meta":{"styles_descriptor":{"styles":{"desktop":"","tablet":"","mobile":""},"google_fonts":[],"version":6},"page_title_panel":"","has_hero_section":"disabled","1f7524ba27561c265e6fd8b7c913ef1d":"","hero_section":"type-1","hero_elements":[{"id":"custom_title","enabled":true,"heading_tag":"h1","title":"Home"},{"id":"custom_description","enabled":true,"description_visibility":{"desktop":true,"tablet":true,"mobile":false}},{"id":"custom_meta","enabled":false,"meta_elements":[{"id":"author","enabled":true,"label":"By","has_author_avatar":"yes","avatar_size":25},{"id":"post_date","enabled":true,"label":"On","date_format_source":"default","date_format":"M j, Y"},{"id":"updated_date","enabled":false,"label":"On","date_format_source":"default","date_format":"M j, Y"},{"id":"categories","enabled":false,"label":"In","style":"simple"},{"id":"comments","enabled":true}],"page_meta_elements":{"joined":true,"articles_count":true,"comments":true}},{"id":"breadcrumbs","enabled":false}],"a99e0e6d2427999ed1fbee2cfb893458":"","hero_alignment1":"CT_CSS_SKIP_RULE","hero_margin":40,"hero_alignment2":"center","hero_vertical_alignment":"center","2fc489c98e1363321479953fa4b8cd68":"","hero_structure":"narrow","938576fa561f9aeaa8b7f4787fffda34":"","page_title_bg_type":"featured_image","custom_hero_background":{"attachment_id":null},"page_title_image_size":"full","parallax":{"desktop":false,"tablet":false,"mobile":false},"130da00d72d5a31684bc5e3e171fdcec":"","hero_height":"250px","pageTitleFont":{"family":"Default","variation":"Default","size":"30px","line-height":"CT_CSS_SKIP_RULE","letter-spacing":"CT_CSS_SKIP_RULE","text-transform":"CT_CSS_SKIP_RULE","text-decoration":"CT_CSS_SKIP_RULE"},"pageTitleFontColor":{"default":{"color":"CT_CSS_SKIP_RULEDEFAULT"}},"pageMetaFont":{"family":"Default","variation":"n6","size":"12px","line-height":"1.3","letter-spacing":"CT_CSS_SKIP_RULE","text-transform":"uppercase","text-decoration":"CT_CSS_SKIP_RULE"},"pageMetaFontColor":{"default":{"color":"CT_CSS_SKIP_RULEDEFAULT"},"hover":{"color":"CT_CSS_SKIP_RULEDEFAULT"}},"page_meta_button_type_font_colors":{"default":{"color":"CT_CSS_SKIP_RULEDEFAULT"},"hover":{"color":"CT_CSS_SKIP_RULEDEFAULT"}},"page_meta_button_type_background_colors":{"default":{"color":"CT_CSS_SKIP_RULEDEFAULT"},"hover":{"color":"CT_CSS_SKIP_RULEDEFAULT"}},"pageExcerptFont":{"family":"Default","variation":"Default","size":"CT_CSS_SKIP_RULE","line-height":"CT_CSS_SKIP_RULE","letter-spacing":"CT_CSS_SKIP_RULE","text-transform":"CT_CSS_SKIP_RULE","text-decoration":"CT_CSS_SKIP_RULE"},"pageExcerptColor":{"default":{"color":"CT_CSS_SKIP_RULEDEFAULT"}},"breadcrumbsFont":{"family":"Default","variation":"Default","size":"CT_CSS_SKIP_RULE","line-height":"CT_CSS_SKIP_RULE","letter-spacing":"CT_CSS_SKIP_RULE","text-transform":"CT_CSS_SKIP_RULE","text-decoration":"CT_CSS_SKIP_RULE"},"breadcrumbsFontColor":{"default":{"color":"CT_CSS_SKIP_RULEDEFAULT"},"initial":{"color":"CT_CSS_SKIP_RULEDEFAULT"},"hover":{"color":"CT_CSS_SKIP_RULEDEFAULT"}},"pageTitleOverlay":{"background_type":"color","background_pattern":"type-1","background_image":{"attachment_id":null,"x":0,"y":0},"gradient":"linear-gradient(135deg,rgba(6,147,227,1) 0%,rgb(155,81,224) 100%)","background_repeat":"repeat","background_size":"auto","background_attachment":"scroll","patternColor":{"default":{"color":"#e5e7ea"}},"overlayColor":{"default":{"color":"CT_CSS_SKIP_RULE"}},"backgroundColor":{"default":{"color":"CT_CSS_SKIP_RULE"}}},"pageTitleBackground":{"background_type":"color","background_pattern":"type-1","background_image":{"attachment_id":null,"x":0,"y":0},"gradient":"linear-gradient(135deg,rgba(6,147,227,1) 0%,rgb(155,81,224) 100%)","background_repeat":"repeat","background_size":"auto","background_attachment":"scroll","patternColor":{"default":{"color":"#e5e7ea"}},"overlayColor":{"default":{"color":"CT_CSS_SKIP_RULE"}},"backgroundColor":{"default":{"color":"var(--theme-palette-color-6)"}}},"pageTitlePadding":{"top":"50px","bottom":"50px","left":"auto","right":"auto","linked":true},"8bc89b95f936a8ddaf48463530594767":"","page_structure_type":"default","9087b0fa00a0936481b758d6f5d71cbf":"","content_style_source":"inherit","content_style":"wide","vertical_spacing_source":"custom","content_area_spacing":"none","background":{"background_type":"color","background_pattern":"type-1","background_image":{"attachment_id":null,"x":0,"y":0},"gradient":"linear-gradient(135deg,rgba(6,147,227,1) 0%,rgb(155,81,224) 100%)","background_repeat":"repeat","background_size":"auto","background_attachment":"scroll","patternColor":{"default":{"color":"#e5e7ea"}},"overlayColor":{"default":{"color":"CT_CSS_SKIP_RULE"}},"backgroundColor":{"default":{"color":"CT_CSS_SKIP_RULE"}}},"content_background":{"background_type":"color","background_pattern":"type-1","background_image":{"attachment_id":null,"x":0,"y":0},"gradient":"linear-gradient(135deg,rgba(6,147,227,1) 0%,rgb(155,81,224) 100%)","background_repeat":"repeat","background_size":"auto","background_attachment":"scroll","patternColor":{"default":{"color":"#e5e7ea"}},"overlayColor":{"default":{"color":"CT_CSS_SKIP_RULE"}},"backgroundColor":{"default":{"color":"var(--theme-palette-color-8)"}}},"content_boxed_shadow":{"inherit":false,"blur":18,"spread":-6,"v_offset":12,"h_offset":0,"inset":false,"enable":true,"color":{"color":"rgba(34, 56, 101, 0.04)"}},"content_boxed_border":{"width":1,"style":"none","color":{"color":"rgba(44,62,80,0.2)"}},"content_boxed_radius":{"top":"3px","bottom":"3px","left":"3px","right":"3px","linked":true},"boxed_content_spacing":{"desktop":{"top":"40px","bottom":"40px","left":"40px","right":"40px","linked":true},"tablet":{"top":"35px","bottom":"35px","left":"35px","right":"35px","linked":true},"mobile":{"top":"20px","bottom":"20px","left":"20px","right":"20px","linked":true}},"83abb897cbf71723441bd51cfa807ea1":"","disable_featured_image":"no","disable_share_box":"no","disable_header":"no","disable_footer":"no"},"_links":{"self":[{"href":"https:\/\/prodajmojsat.itdesign.digital\/index.php?rest_route=\/wp\/v2\/pages\/991","targetHints":{"allow":["GET"]}}],"collection":[{"href":"https:\/\/prodajmojsat.itdesign.digital\/index.php?rest_route=\/wp\/v2\/pages"}],"about":[{"href":"https:\/\/prodajmojsat.itdesign.digital\/index.php?rest_route=\/wp\/v2\/types\/page"}],"author":[{"embeddable":true,"href":"https:\/\/prodajmojsat.itdesign.digital\/index.php?rest_route=\/wp\/v2\/users\/1"}],"replies":[{"embeddable":true,"href":"https:\/\/prodajmojsat.itdesign.digital\/index.php?rest_route=%2Fwp%2Fv2%2Fcomments&post=991"}],"version-history":[{"count":181,"href":"https:\/\/prodajmojsat.itdesign.digital\/index.php?rest_route=\/wp\/v2\/pages\/991\/revisions"}],"predecessor-version":[{"id":1976,"href":"https:\/\/prodajmojsat.itdesign.digital\/index.php?rest_route=\/wp\/v2\/pages\/991\/revisions\/1976"}],"wp:attachment":[{"href":"https:\/\/prodajmojsat.itdesign.digital\/index.php?rest_route=%2Fwp%2Fv2%2Fmedia&parent=991"}],"curies":[{"name":"wp","href":"https:\/\/api.w.org\/{rel}","templated":true}]}}